{"id":140,"date":"2023-04-13T18:51:54","date_gmt":"2023-04-13T16:51:54","guid":{"rendered":"http:\/\/saintaubinmemoire39.fr\/?page_id=140"},"modified":"2025-01-30T14:59:33","modified_gmt":"2025-01-30T13:59:33","slug":"conseil-dadministration","status":"publish","type":"page","link":"https:\/\/saintaubinmemoire39.fr\/index.php\/conseil-dadministration\/","title":{"rendered":"CA"},"content":{"rendered":"\n<div class=\"wp-block-group\"><div class=\"wp-block-group__inner-container is-layout-constrained wp-block-group-is-layout-constrained\">\n<p>Marie-Odile Bougaud &#8211; Pr\u00e9sidente<\/p>\n\n\n\n<p>Claude Fran\u00e7ois &#8211; Tr\u00e9sorier<\/p>\n\n\n\n<p>V\u00e9ronique Michaud Chevriaut &#8211; Secr\u00e9taire<\/p>\n\n\n\n<p>Patricia Bougaud<\/p>\n\n\n\n<p>Annick Fran\u00e7ois<\/p>\n\n\n\n<p>Christelle Jeunet<\/p>\n\n\n\n<p>Bernard Monamy<\/p>\n\n\n\n<p>Roger Monamy<\/p>\n\n\n\n<p>Claudette Vadant<\/p>\n\n\n\n<p>Florence Viel<\/p>\n\n\n\n<p>G\u00e9rard Viel<\/p>\n<\/div><\/div>\n","protected":false},"excerpt":{"rendered":"<p>Marie-Odile Bougaud &#8211; Pr\u00e9sidente Claude Fran\u00e7ois &#8211; Tr\u00e9sorier V\u00e9ronique Michaud Chevriaut &#8211; Secr\u00e9taire Patricia Bougaud Annick Fran\u00e7ois Christelle Jeunet Bernard Monamy Roger Monamy Claudette Vadant Florence Viel G\u00e9rard Viel<\/p>\n","protected":false},"author":1,"featured_media":0,"parent":0,"menu_order":0,"comment_status":"closed","ping_status":"closed","template":"","meta":{"footnotes":""},"class_list":["post-140","page","type-page","status-publish","hentry"],"_links":{"self":[{"href":"https:\/\/saintaubinmemoire39.fr\/index.php\/wp-json\/wp\/v2\/pages\/140","targetHints":{"allow":["GET"]}}],"collection":[{"href":"https:\/\/saintaubinmemoire39.fr\/index.php\/wp-json\/wp\/v2\/pages"}],"about":[{"href":"https:\/\/saintaubinmemoire39.fr\/index.php\/wp-json\/wp\/v2\/types\/page"}],"author":[{"embeddable":true,"href":"https:\/\/saintaubinmemoire39.fr\/index.php\/wp-json\/wp\/v2\/users\/1"}],"replies":[{"embeddable":true,"href":"https:\/\/saintaubinmemoire39.fr\/index.php\/wp-json\/wp\/v2\/comments?post=140"}],"version-history":[{"count":2,"href":"https:\/\/saintaubinmemoire39.fr\/index.php\/wp-json\/wp\/v2\/pages\/140\/revisions"}],"predecessor-version":[{"id":415,"href":"https:\/\/saintaubinmemoire39.fr\/index.php\/wp-json\/wp\/v2\/pages\/140\/revisions\/415"}],"wp:attachment":[{"href":"https:\/\/saintaubinmemoire39.fr\/index.php\/wp-json\/wp\/v2\/media?parent=140"}],"curies":[{"name":"wp","href":"https:\/\/api.w.org\/{rel}","templated":true}]}}