{"id":21,"date":"2023-01-28T15:34:14","date_gmt":"2023-01-28T14:34:14","guid":{"rendered":"http:\/\/saintaubinmemoire39.fr\/?page_id=21"},"modified":"2023-03-06T18:05:54","modified_gmt":"2023-03-06T17:05:54","slug":"contacts","status":"publish","type":"page","link":"https:\/\/saintaubinmemoire39.fr\/index.php\/contacts\/","title":{"rendered":"Contacts"},"content":{"rendered":"\n<p>Vous pouvez nous contacter :<\/p>\n\n\n\n<p>Par t\u00e9l\u00e9phone : <\/p>\n\n\n\n<p>Mme Marie Odile BOUGAUD Pr\u00e9sidente 06 76 38 85 24<\/p>\n\n\n\n<p>Mr Claude FRANCOIS Tr\u00e9sorier 06 74 48 71 95<\/p>\n\n\n\n<p>Mme V\u00e9ronique MICHAUD CHEVRIAUT Secr\u00e9taire 06 87 33 56 37<\/p>\n\n\n\n<p>Par mail : saintaubinmemoire39@gmail.com<\/p>\n","protected":false},"excerpt":{"rendered":"<p>Vous pouvez nous contacter : Par t\u00e9l\u00e9phone : Mme Marie Odile BOUGAUD Pr\u00e9sidente 06 76 38 85 24 Mr Claude FRANCOIS Tr\u00e9sorier 06 74 48 71 95 Mme V\u00e9ronique MICHAUD CHEVRIAUT Secr\u00e9taire 06 87 33 56 37 Par mail : saintaubinmemoire39@gmail.com<\/p>\n","protected":false},"author":1,"featured_media":0,"parent":0,"menu_order":0,"comment_status":"closed","ping_status":"closed","template":"","meta":{"footnotes":""},"class_list":["post-21","page","type-page","status-publish","hentry"],"_links":{"self":[{"href":"https:\/\/saintaubinmemoire39.fr\/index.php\/wp-json\/wp\/v2\/pages\/21","targetHints":{"allow":["GET"]}}],"collection":[{"href":"https:\/\/saintaubinmemoire39.fr\/index.php\/wp-json\/wp\/v2\/pages"}],"about":[{"href":"https:\/\/saintaubinmemoire39.fr\/index.php\/wp-json\/wp\/v2\/types\/page"}],"author":[{"embeddable":true,"href":"https:\/\/saintaubinmemoire39.fr\/index.php\/wp-json\/wp\/v2\/users\/1"}],"replies":[{"embeddable":true,"href":"https:\/\/saintaubinmemoire39.fr\/index.php\/wp-json\/wp\/v2\/comments?post=21"}],"version-history":[{"count":3,"href":"https:\/\/saintaubinmemoire39.fr\/index.php\/wp-json\/wp\/v2\/pages\/21\/revisions"}],"predecessor-version":[{"id":85,"href":"https:\/\/saintaubinmemoire39.fr\/index.php\/wp-json\/wp\/v2\/pages\/21\/revisions\/85"}],"wp:attachment":[{"href":"https:\/\/saintaubinmemoire39.fr\/index.php\/wp-json\/wp\/v2\/media?parent=21"}],"curies":[{"name":"wp","href":"https:\/\/api.w.org\/{rel}","templated":true}]}}