{"id":28,"date":"2023-01-28T15:44:24","date_gmt":"2023-01-28T14:44:24","guid":{"rendered":"http:\/\/saintaubinmemoire39.fr\/?page_id=28"},"modified":"2023-04-13T17:54:48","modified_gmt":"2023-04-13T15:54:48","slug":"accueil","status":"publish","type":"page","link":"https:\/\/saintaubinmemoire39.fr\/","title":{"rendered":"Accueil"},"content":{"rendered":"\n<p class=\"has-text-align-left\"><strong>Bienvenue<\/strong>,<\/p>\n\n\n\n<p class=\"has-text-align-left\"><strong>N\u00e9e le 12 avril 2022, l&#8217;association &#8220;Saint-Aubin M\u00e9moire&#8221;, a pour but de <em>rechercher, r\u00e9pertorier et promouvoir l&#8217;h\u00e9ritage patrimonial commun du village de Saint-Aubin du Jura.<\/em><\/strong><\/p>\n\n\n\n<p class=\"has-text-align-left\"><strong>De la pointe de la fl\u00e8che n\u00e9olithique \u00e0 la relique de Saint-Aubin, des b\u00e2timents 19\u00e8me si\u00e8cle au rond-point de la place Sainte-Anne, des t\u00e9moins de  notre histoire sont pr\u00e9sents dans notre commune, sur son territoire et dans les textes anciens. Ces traces m\u00e9ritent notre attention et nos soins.<\/strong><\/p>\n\n\n\n<p class=\"has-text-align-left\"><strong>L&#8217;association souhaite les faire mieux connaitre et appr\u00e9cier, \u00e0 travers ses observations, ses recherches et l&#8217;organisation de conf\u00e9rences, visites, expositions.<\/strong><\/p>\n\n\n\n<p class=\"has-text-align-left\"><strong>Elle souhaite surveiller et alerter la municipalit\u00e9 en cas de risque pour le patrimoine, dans un esprit de coop\u00e9ration et concertation.<\/strong><\/p>\n\n\n\n<p class=\"has-text-align-left\"><strong>Un bulletin annuel fait le point sur ses actions, il est accessible sur le site<\/strong>.<\/p>\n\n\n\n<p class=\"has-text-align-left\"><strong>Pour soutenir les b\u00e9n\u00e9voles, votre adh\u00e9sion \u00e0 &#8220;Saint-Aubin M\u00e9moire&#8221; est bienvenue.<\/strong><\/p>\n\n\n\n<p><\/p>\n","protected":false},"excerpt":{"rendered":"<p>Bienvenue, N\u00e9e le 12 avril 2022, l&#8217;association &#8220;Saint-Aubin M\u00e9moire&#8221;, a pour but de rechercher, r\u00e9pertorier et promouvoir l&#8217;h\u00e9ritage patrimonial commun du village de Saint-Aubin du Jura. De la pointe de la fl\u00e8che n\u00e9olithique \u00e0 la relique de Saint-Aubin, des b\u00e2timents 19\u00e8me si\u00e8cle au rond-point de la place Sainte-Anne, des t\u00e9moins de notre histoire sont pr\u00e9sents &hellip; <a href=\"https:\/\/saintaubinmemoire39.fr\/\" class=\"more-link\">Continue reading <span class=\"screen-reader-text\">Accueil<\/span> <span class=\"meta-nav\">&rarr;<\/span><\/a><\/p>\n","protected":false},"author":1,"featured_media":0,"parent":0,"menu_order":0,"comment_status":"closed","ping_status":"closed","template":"","meta":{"footnotes":""},"class_list":["post-28","page","type-page","status-publish","hentry"],"_links":{"self":[{"href":"https:\/\/saintaubinmemoire39.fr\/index.php\/wp-json\/wp\/v2\/pages\/28","targetHints":{"allow":["GET"]}}],"collection":[{"href":"https:\/\/saintaubinmemoire39.fr\/index.php\/wp-json\/wp\/v2\/pages"}],"about":[{"href":"https:\/\/saintaubinmemoire39.fr\/index.php\/wp-json\/wp\/v2\/types\/page"}],"author":[{"embeddable":true,"href":"https:\/\/saintaubinmemoire39.fr\/index.php\/wp-json\/wp\/v2\/users\/1"}],"replies":[{"embeddable":true,"href":"https:\/\/saintaubinmemoire39.fr\/index.php\/wp-json\/wp\/v2\/comments?post=28"}],"version-history":[{"count":11,"href":"https:\/\/saintaubinmemoire39.fr\/index.php\/wp-json\/wp\/v2\/pages\/28\/revisions"}],"predecessor-version":[{"id":139,"href":"https:\/\/saintaubinmemoire39.fr\/index.php\/wp-json\/wp\/v2\/pages\/28\/revisions\/139"}],"wp:attachment":[{"href":"https:\/\/saintaubinmemoire39.fr\/index.php\/wp-json\/wp\/v2\/media?parent=28"}],"curies":[{"name":"wp","href":"https:\/\/api.w.org\/{rel}","templated":true}]}}